{"id":4131,"date":"2018-12-04T10:34:43","date_gmt":"2018-12-04T16:34:43","guid":{"rendered":"http:\/\/www.constellationservices.com.mx\/tour-paddle-kayak-snorkel-copy\/"},"modified":"2018-12-05T12:58:05","modified_gmt":"2018-12-05T18:58:05","slug":"dmc-en-acapulco","status":"publish","type":"page","link":"https:\/\/www.constellationservices.com.mx\/en\/dmc-en-acapulco\/","title":{"rendered":"DMC en Acapulco"},"content":{"rendered":"<p>[vc_row][vc_column][vc_single_image image=&#8221;4147&#8243; img_size=&#8221;large&#8221; alignment=&#8221;center&#8221; style=&#8221;vc_box_rounded&#8221;][vc_empty_space height=&#8221;50px&#8221;][\/vc_column][\/vc_row][vc_row][vc_column][vc_column_text]<\/p>\n<h1 style=\"text-align: center;\">CONSTELLATION SERVICES, TU <strong>DMC EN ACAPULCO<\/strong><\/h1>\n<p>&nbsp;<\/p>\n<h4 style=\"text-align: center;\">Organizamos los mejores <a href=\"https:\/\/www.constellationservices.com.mx\/en\/tours-acapulco\/\">Tours en Acapulco<\/a>, contamos con <a href=\"https:\/\/www.constellationservices.com.mx\/en\/transportacion-acapulco\/\">Servicios de Transportaci\u00f3n<\/a>, <a href=\"https:\/\/www.constellationservices.com.mx\/en\/renta-yates-acapulco\/\">Renta de Yates<\/a>, Departamentos y Villas.\u00a0En <a href=\"http:\/\/www.constellationservices.com.mx\"><strong>Constellation Services<\/strong><\/a> no s\u00f3lo nos hacemos cargo de la log\u00edstica y coordinaci\u00f3n de los traslados para los participantes de tu grupo, tambi\u00e9n te\u00a0apoyamos con la organizaci\u00f3n de cualquier tipo de evento para tus\u00a0<strong>Viajes de Incentivos, Convenciones, Congresos,\u00a0Seminarios y Exposiciones<\/strong>.<\/h4>\n<p>&nbsp;<\/p>\n<p><img loading=\"lazy\" class=\"aligncenter wp-image-4151\" src=\"http:\/\/www.constellationservices.com.mx\/wp-content\/uploads\/2018\/12\/dmc-en-acapulco-icono-500x458.jpg\" alt=\"\" width=\"140\" height=\"128\" srcset=\"https:\/\/www.constellationservices.com.mx\/wp-content\/uploads\/2018\/12\/dmc-en-acapulco-icono-500x458.jpg 500w, https:\/\/www.constellationservices.com.mx\/wp-content\/uploads\/2018\/12\/dmc-en-acapulco-icono.jpg 512w\" sizes=\"(max-width: 140px) 100vw, 140px\" \/>[\/vc_column_text][vc_empty_space height=&#8221;60px&#8221;][vc_column_text]<\/p>\n<h1 style=\"text-align: center;\">NUESTROS SERVICIOS<\/h1>\n<p>[\/vc_column_text][vc_empty_space height=&#8221;40px&#8221;][vc_column_text]<\/p>\n<h4 style=\"text-align: center;\">Contamos con varias opciones para que disfrutes de nuestros destinos tur\u00edsticos<\/h4>\n<p>[\/vc_column_text][vc_empty_space height=&#8221;40px&#8221;][\/vc_column][\/vc_row][vc_row][vc_column width=&#8221;1\/3&#8243;]\n\n    <div class=\" nicdark_archive1 nicdark_relative\">\n        \n        <a target=\" _blank\" href=\"http:\/\/www.constellationservices.com.mx\/transportacion-acapulco\/\" class=\"nicdark_btn_icon nicdark_bg_yellow extrabig  white nicdark_absolute \"><i class=\" icon-cab\"><\/i><\/a>\n    \n        <div class=\"nicdark_activity nicdark_marginleft100\">\n            <h4>TRANSPORTACI\u00d3N<\/h4>                        \n            <div class=\"nicdark_space20\"><\/div>\n            <p><b>Servicios de Transportaci\u00f3n<\/b> a la medida en Acapulco<\/p>\n            <div class=\"nicdark_space20\"><\/div>\n             <a target=\" _blank\" href=\"http:\/\/www.constellationservices.com.mx\/transportacion-acapulco\/\" class=\"nicdark_btn grey\"><i class=\"icon-angle-right\"><\/i> M\u00e1s informaci\u00f3n<\/a> \n            <div class=\"nicdark_space5\"><\/div>\n        <\/div>\n    <\/div>\n      \n   [vc_empty_space height=&#8221;20px&#8221;]\n\n    <div class=\" nicdark_archive1 nicdark_relative\">\n        \n        <a target=\" _blank\" href=\"http:\/\/www.constellationservices.com.mx\/viajes-grupo-acapulco\/\" class=\"nicdark_btn_icon nicdark_bg_yellow extrabig  white nicdark_absolute \"><i class=\"icon-users-1\"><\/i><\/a>\n    \n        <div class=\"nicdark_activity nicdark_marginleft100\">\n            <h4>GRUPOS<\/h4>                        \n            <div class=\"nicdark_space20\"><\/div>\n            <p>Contamos con los <b>Servicios para Grupos<\/b> en Acapulco m\u00e1s completo<\/p>\n            <div class=\"nicdark_space20\"><\/div>\n             <a target=\" _blank\" href=\"http:\/\/www.constellationservices.com.mx\/viajes-grupo-acapulco\/\" class=\"nicdark_btn grey\"><i class=\"icon-angle-right\"><\/i> M\u00e1s informaci\u00f3n<\/a> \n            <div class=\"nicdark_space5\"><\/div>\n        <\/div>\n    <\/div>\n      \n   [\/vc_column][vc_column width=&#8221;1\/3&#8243;]\n\n    <div class=\" nicdark_archive1 nicdark_relative\">\n        \n        <a target=\" _blank\" href=\"http:\/\/www.constellationservices.com.mx\/grupo-acapulco\/\" class=\"nicdark_btn_icon nicdark_bg_yellow extrabig  white nicdark_absolute \"><i class=\" icon-globe\"><\/i><\/a>\n    \n        <div class=\"nicdark_activity nicdark_marginleft100\">\n            <h4>TOURS<\/h4>                        \n            <div class=\"nicdark_space20\"><\/div>\n            <p>Operamos los mejores <b>Tours en Acapulco<\/b> desde 1998.<\/p>\n            <div class=\"nicdark_space20\"><\/div>\n             <a target=\" _blank\" href=\"http:\/\/www.constellationservices.com.mx\/grupo-acapulco\/\" class=\"nicdark_btn grey\"><i class=\"icon-angle-right\"><\/i> M\u00e1s informaci\u00f3n<\/a> \n            <div class=\"nicdark_space5\"><\/div>\n        <\/div>\n    <\/div>\n      \n   [vc_empty_space height=&#8221;20px&#8221;]\n\n    <div class=\" nicdark_archive1 nicdark_relative\">\n        \n        <a target=\" _blank\" href=\"http:\/\/www.constellationservices.com.mx\/renta-yates-acapulco\/\" class=\"nicdark_btn_icon nicdark_bg_yellow extrabig  white nicdark_absolute \"><i class=\" icon-sun\"><\/i><\/a>\n    \n        <div class=\"nicdark_activity nicdark_marginleft100\">\n            <h4>RENTA DE YATES<\/h4>                        \n            <div class=\"nicdark_space20\"><\/div>\n            <p>Disfruta del Mar de Acapulco en nuestra exclusiva selecci\u00f3n de <b>Yates<\/b><\/p>\n            <div class=\"nicdark_space20\"><\/div>\n             <a target=\" _blank\" href=\"http:\/\/www.constellationservices.com.mx\/renta-yates-acapulco\/\" class=\"nicdark_btn grey\"><i class=\"icon-angle-right\"><\/i> M\u00e1s informaci\u00f3n<\/a> \n            <div class=\"nicdark_space5\"><\/div>\n        <\/div>\n    <\/div>\n      \n   [\/vc_column][vc_column width=&#8221;1\/3&#8243;]\n\n    <div class=\" nicdark_archive1 nicdark_relative\">\n        \n        <a target=\"\" href=\"http:\/\/www.constellationservices.com.mx\/viajes-cortos-acapulco\/\" class=\"nicdark_btn_icon nicdark_bg_yellow extrabig  white nicdark_absolute \"><i class=\" icon-suitcase\"><\/i><\/a>\n    \n        <div class=\"nicdark_activity nicdark_marginleft100\">\n            <h4>VIAJES CORTOS<\/h4>                        \n            <div class=\"nicdark_space20\"><\/div>\n            <p><b>Traslados de un d\u00eda<\/b> a diversas atracciones tur\u00edsticas.<\/p>\n            <div class=\"nicdark_space20\"><\/div>\n             <a target=\"\" href=\"http:\/\/www.constellationservices.com.mx\/viajes-cortos-acapulco\/\" class=\"nicdark_btn grey\"><i class=\"icon-angle-right\"><\/i> M\u00e1s informaci\u00f3n<\/a> \n            <div class=\"nicdark_space5\"><\/div>\n        <\/div>\n    <\/div>\n      \n   [vc_empty_space height=&#8221;20px&#8221;]\n\n    <div class=\" nicdark_archive1 nicdark_relative\">\n        \n        <a target=\" _blank\" href=\"http:\/\/www.constellationservices.com.mx\/transportacion-bodas-acapulco\/\" class=\"nicdark_btn_icon nicdark_bg_yellow extrabig  white nicdark_absolute \"><i class=\" icon-heart\"><\/i><\/a>\n    \n        <div class=\"nicdark_activity nicdark_marginleft100\">\n            <h4>BODAS<\/h4>                        \n            <div class=\"nicdark_space20\"><\/div>\n            <p><b>Servicio de Transportaci\u00f3n para Bodas<\/b> en Acapulco.<\/p>\n            <div class=\"nicdark_space20\"><\/div>\n             <a target=\" _blank\" href=\"http:\/\/www.constellationservices.com.mx\/transportacion-bodas-acapulco\/\" class=\"nicdark_btn grey\"><i class=\"icon-angle-right\"><\/i> M\u00e1s informaci\u00f3n<\/a> \n            <div class=\"nicdark_space5\"><\/div>\n        <\/div>\n    <\/div>\n      \n   [\/vc_column][vc_column][vc_empty_space height=&#8221;80px&#8221;][\/vc_column][\/vc_row][vc_row][vc_column]<h1 style=\"color:;\" class=\"  center\">PREGUNTAS FRECUENTES<\/h1>[vc_empty_space height=&#8221;35px&#8221;][vc_toggle title=&#8221;\u00bfQu\u00e9 es un DMC?&#8221; style=&#8221;rounded&#8221; open=&#8221;true&#8221; el_id=&#8221;1543943339606-ededd49a-fcb4&#8243;]Un DMC, o <strong>Destination Management Company<\/strong>, es una compa\u00f1\u00eda de servicios tur\u00edsticos con los recursos y la experiencia necesarios para llevar a cabo los eventos de sus Clientes con calidad, profesionalismo y efectividad.<\/p>\n<p>Un DMC conoce a fondo\u00a0un destino espec\u00edfico y cuenta con los recursos y activos en la regi\u00f3n para dise\u00f1ar y llevar a cabo la log\u00edstica de los eventos de sus Clientes.[\/vc_toggle][vc_toggle title=&#8221;Funciones del DMC&#8221; style=&#8221;rounded&#8221; open=&#8221;true&#8221; el_id=&#8221;1543943409633-742a34fb-e761&#8243;]Como <strong>DMC en Acapulco<\/strong> con m\u00e1s de 20 a\u00f1os de experiencia, nuestras funciones son:<\/p>\n<ul>\n<li>Contar con informaci\u00f3n actual y relevante de los destinos que manejamos para poder ofrecer a nuestros Clientes la mejor gama de servicios en el mercado.<\/li>\n<li>Dise\u00f1amos, producimos y ejecutamos los eventos de nuestros Clientes cumpliendo con sus especificaciones y necesidades.<\/li>\n<li>Ofrecemos soluciones integrales todo-en-uno a organizadores de congresos y convenciones, exposiciones y viajes de incentivos empresariales.<\/li>\n<\/ul>\n<p>[\/vc_toggle][vc_toggle title=&#8221;Beneficios de contratarnos&#8221; style=&#8221;rounded&#8221; open=&#8221;true&#8221; el_id=&#8221;1543944212866-86c56b2f-396c&#8221;]<\/p>\n<ul>\n<li>Como <strong>DMC en Acapulco<\/strong> tenemos un amplio conocimiento de nuestros destinos tur\u00edsticos y su oferta de valor.<\/li>\n<li>Hacemos eficiente la labor de b\u00fasqueda y selecci\u00f3n de los diversos proveedores locales para optimizar el presupuesto y tiempo del Cliente.<\/li>\n<li>Optimizamos el recurso humano al involucrarlo en toda la organizaci\u00f3n del evento para mantener una comunicaci\u00f3n constante con el Cliente y el programa del evento.<\/li>\n<li>Una oferta de valor din\u00e1mica e integral basada en las experiencias que ofrece el destino tur\u00edstico.<\/li>\n<li>Conseguir lugares y experiencias \u00fanicas que normalmente no est\u00e1n disponibles para el p\u00fablico en general.<\/li>\n<\/ul>\n<p>[\/vc_toggle][vc_toggle title=&#8221;Nuestros Productos &amp; Servicios&#8221; style=&#8221;rounded&#8221; open=&#8221;true&#8221; el_id=&#8221;1543944211017-4ecaa349-7a53&#8243;]<\/p>\n<ul>\n<li>Recepci\u00f3n y traslados al Aeropuerto.<\/li>\n<li>Producci\u00f3n de eventos y entretenimiento.<\/li>\n<li>Programas de acompa\u00f1antes.<\/li>\n<li>Servicios de Hospitalidad (Hospitality Desk).<\/li>\n<li>Pre and post Tours.<\/li>\n<li>Registro.<\/li>\n<li>Traslados.<\/li>\n<li>Servicios de log\u00edstica.<\/li>\n<li>Din\u00e1micas de grupo (Team Building).<\/li>\n<li>Conferencistas.<\/li>\n<li>Patrocinios Empresariales.<\/li>\n<li>Eventos deportivos.<\/li>\n<li>Fiestas Tem\u00e1ticas.<\/li>\n<\/ul>\n<p>[\/vc_toggle][vc_empty_space height=&#8221;35px&#8221;][vc_empty_space height=&#8221;35px&#8221;][vc_column_text]<\/p>\n<h1 style=\"text-align: center;\">SERVICIOS M\u00c1S POPULARES<\/h1>\n<p>[\/vc_column_text][vc_empty_space height=&#8221;35px&#8221;][\/vc_column][\/vc_row][vc_row][vc_column width=&#8221;1\/3&#8243;][vc_single_image image=&#8221;4120&#8243; alignment=&#8221;center&#8221;][vc_empty_space][vc_column_text]<\/p>\n<div class=\"\">\n<div class=\"\">\n<div class=\"\">Recorre la Bah\u00eda de Acapulco en <strong>Paddle<\/strong> y haz <strong>Snorkel<\/strong> para que conozcas su abundante vida marina. Conoce el lado \u00edntimo de la Bah\u00eda de Santa Luc\u00eda con este Tour.<\/div>\n<p>&nbsp;<\/p>\n<\/div>\n<\/div>\n<div><\/div>\n<div>M\u00e1s informaci\u00f3n en nuestra secci\u00f3n de <a href=\"https:\/\/www.constellationservices.com.mx\/en\/?page_id=4098\"><strong>Paddle, Snorkel y Kayak<\/strong><\/a>.<\/div>\n<p>[\/vc_column_text][\/vc_column][vc_column width=&#8221;1\/3&#8243;][vc_single_image image=&#8221;3780&#8243; alignment=&#8221;center&#8221;][vc_empty_space][vc_column_text]<\/p>\n<div class=\"\">\n<div class=\"\">\n<div class=\"\">\n<div class=\"\">\n<div class=\"\">\n<div class=\"\">\n<div class=\"\">Navega por la Bah\u00eda de Acapulco en nuestros c\u00f3modos Yates. Conoce los puntos m\u00e1s representativos de la Bah\u00eda y captura momentos inolvidables con tus familiares y amigos.<\/div>\n<p>&nbsp;<\/p>\n<div><\/div>\n<div class=\"\">M\u00e1s informaci\u00f3n en nuestra secci\u00f3n de <a href=\"https:\/\/www.constellationservices.com.mx\/en\/renta-yates-acapulco\/\">Renta de Yates<\/a><\/div>\n<\/div>\n<\/div>\n<\/div>\n<\/div>\n<\/div>\n<\/div>\n<p>[\/vc_column_text][\/vc_column][vc_column width=&#8221;1\/3&#8243;][vc_single_image image=&#8221;3746&#8243; alignment=&#8221;center&#8221;][vc_empty_space][vc_column_text]<\/p>\n<div class=\"\">\n<div class=\"\">\n<div>Descubre el mundo submarino en las profundidades de las aguas de Acapulco escoltado por un Instructor Certificado NAUI o PADI. Sum\u00e9rgete en las c\u00e1lidas aguas de la Bah\u00eda de Acapulco y descubre sus secretos submarinos.<\/div>\n<p>&nbsp;<\/p>\n<div class=\"\"><\/div>\n<\/div>\n<\/div>\n<div><\/div>\n<div>M\u00e1s informaci\u00f3n en nuestra secci\u00f3n de <a href=\"https:\/\/www.constellationservices.com.mx\/en\/buceo-en-acapulco\/\"><strong>Buceo<\/strong><\/a>.<\/div>\n<p>[\/vc_column_text][\/vc_column][\/vc_row][vc_row][vc_column][vc_empty_space height=&#8221;40px&#8221;][\/vc_column][\/vc_row][vc_row][vc_column][vc_single_image image=&#8221;3588&#8243; img_size=&#8221;100&#215;100&#8243; alignment=&#8221;center&#8221;][vc_empty_space height=&#8221;60px&#8221;][vc_column_text]<\/p>\n<h1 style=\"text-align: center;\">\u00bfPORQU\u00c9 ELEGIRNOS?<\/h1>\n<p>[\/vc_column_text][vc_empty_space][vc_column_text]<\/p>\n<div class=\"vc_row wpb_row vc_row-fluid vc_custom_1522345884683\">\n<div class=\"wpb_column vc_column_container vc_col-sm-12\">\n<div class=\"vc_column-inner \">\n<div class=\"wpb_wrapper\">\n<h3 class=\" subtitle center\">Somos una compa\u00f1\u00eda de Servicios Tur\u00edsticos originaria del puerto de Acapulco, Gro.<\/h3>\n<p>&nbsp;<\/p>\n<div class=\"vc_empty_space\"><\/div>\n<div class=\"nicdark_divider center big \"><\/div>\n<\/div>\n<\/div>\n<\/div>\n<\/div>\n<div class=\"vc_row wpb_row vc_row-fluid vc_custom_1422890904575\">\n<div class=\"wpb_column vc_column_container vc_col-sm-12\">\n<div class=\"vc_column-inner vc_custom_1422890887110\">\n<div class=\"wpb_wrapper\">\n<h3 class=\" subtitle center\">Representamos a reconocidas agencias mayoristas internacionales como:<\/h3>\n<p>&nbsp;<\/p>\n<div class=\"wpb_text_column wpb_content_element \">\n<div class=\"wpb_wrapper\">\n<p style=\"text-align: center;\"><strong>Pleasant Holidays<\/strong> (2007) \u2022 <strong>LibGo<\/strong> (2009) \u2022\u00a0<strong>Travel Impressions<\/strong> (2012)<\/p>\n<p>&nbsp;<\/p>\n<\/div>\n<\/div>\n<div class=\"vc_empty_space\"><\/div>\n<div class=\"wpb_text_column wpb_content_element \">\n<div class=\"wpb_wrapper\">\n<div class=\"\">\n<p class=\"\"><span class=\"\">Organizamos los mejores\u00a0<\/span><a class=\"\" href=\"https:\/\/www.constellationservices.com.mx\/en\/tours-acapulco\/\">Tours en Acapulco<\/a><span class=\"\">, contamos con\u00a0<\/span><a class=\"\" href=\"https:\/\/www.constellationservices.com.mx\/en\/transportacion-acapulco\/\">Servicios de Transportaci\u00f3n<\/a><span class=\"\">,\u00a0<\/span><a class=\"\" href=\"https:\/\/www.constellationservices.com.mx\/en\/renta-yates-acapulco\/\">Renta de Yates<\/a><span class=\"\">, Departamentos y Villas.\u00a0<\/span><span class=\"\">Somos proveedores oficiales de\u00a0<\/span><strong class=\"\">Mayan Palace Acapulco\u00a0<\/strong><span class=\"\">desde 1997, del\u00a0<\/span><strong class=\"\"><a href=\"https:\/\/www.constellationservices.com.mx\/en\/hotel-las-brisas-acapulco\/\">Hotel Las Brisas Acapulco<\/a>\u00a0<\/strong><span class=\"\">desde 2001 y el\u00a0<\/span><strong class=\"\">Grand Hotel Acapulco\u00a0<\/strong><span class=\"\">desde 2011. En\u00a0<\/span><a href=\"http:\/\/www.constellationservices.com.mx\"><strong class=\"\">Constellation Services<\/strong><\/a><span class=\"\">\u00a0tambi\u00e9n nos hacemos cargo de la log\u00edstica y coordinaci\u00f3n de traslados para grupos, tambi\u00e9n te\u00a0apoyamos con la organizaci\u00f3n de cualquier tipo de evento para tus\u00a0<\/span>Viajes de Incentivos, Convenciones, Congresos,\u00a0Seminarios y Exposiciones<span class=\"\">.<\/span><\/p>\n<p>&nbsp;<\/p>\n<\/div>\n<p>Estamos avalados por la <a href=\"http:\/\/www.amdemac.org\/en\/home\/\">Asociaci\u00f3n Mexicana de Destination Management Companies<\/a> (AMDEMAC).<\/p>\n<\/div>\n<\/div>\n<\/div>\n<\/div>\n<\/div>\n<\/div>\n<p>[\/vc_column_text][vc_empty_space][\/vc_column][\/vc_row][vc_row][vc_column][vc_empty_space height=&#8221;60px&#8221;][vc_column_text]<\/p>\n<h1 style=\"text-align: center;\">CONT\u00c1CTANOS<\/h1>\n<p>&nbsp;<\/p>\n<p style=\"text-align: center;\">Estamos a tus \u00f3rdenes para organizar tus eventos y atender a tus Clientes.<\/p>\n<p>[\/vc_column_text][\/vc_column][\/vc_row][vc_row][vc_column][vc_empty_space height=&#8221;50px&#8221;][\/vc_column][\/vc_row][vc_row][vc_column width=&#8221;1\/2&#8243;][vc_empty_space height=&#8221;5px&#8221;][vc_single_image image=&#8221;3531&#8243; img_size=&#8221;medium&#8221; alignment=&#8221;center&#8221; css_animation=&#8221;left-to-right&#8221;][vc_empty_space][\/vc_column][vc_column width=&#8221;1\/2&#8243;][vc_empty_space height=&#8221;62px&#8221;][vc_btn title=&#8221;WhatsApp&#8221; color=&#8221;success&#8221; align=&#8221;center&#8221; i_icon_fontawesome=&#8221;fa fa-whatsapp&#8221; css_animation=&#8221;left-to-right&#8221; link=&#8221;url:https%3A%2F%2Fbit.ly%2FConstServ|title:Chatea%20con%20nosotros|&#8221; add_icon=&#8221;true&#8221; button_block=&#8221;true&#8221;][vc_empty_space][vc_btn title=&#8221;Ll\u00e1manos&#8221; align=&#8221;center&#8221; i_icon_fontawesome=&#8221;fa fa-mobile&#8221; css_animation=&#8221;left-to-right&#8221; link=&#8221;url:tel%3A7444841988|title:Contacto%20v%C3%ADa%20Telef%C3%B3nica|&#8221; add_icon=&#8221;true&#8221; button_block=&#8221;true&#8221;][vc_empty_space][vc_btn title=&#8221;Prefiero que me contacten&#8221; align=&#8221;center&#8221; i_icon_fontawesome=&#8221;fa fa-info-circle&#8221; css_animation=&#8221;left-to-right&#8221; link=&#8221;url:https%3A%2F%2Fgoo.gl%2Fforms%2FzplvIj9EqCkyCThy1||&#8221; add_icon=&#8221;true&#8221; button_block=&#8221;true&#8221;][\/vc_column][\/vc_row]<\/p>\n","protected":false},"excerpt":{"rendered":"<p>[vc_row][vc_column][vc_single_image image=&#8221;4147&#8243; img_size=&#8221;large&#8221; alignment=&#8221;center&#8221; style=&#8221;vc_box_rounded&#8221;][vc_empty_space height=&#8221;50px&#8221;][\/vc_column][\/vc_row][vc_row][vc_column][vc_column_text] CONSTELLATION SERVICES, TU DMC EN ACAPULCO &nbsp; Organizamos los mejores Tours en Acapulco, contamos con Servicios de Transportaci\u00f3n, Renta de Yates, Departamentos y Villas.\u00a0En Constellation Services no s\u00f3lo nos hacemos cargo de la log\u00edstica y coordinaci\u00f3n de los traslados para los participantes de tu grupo, tambi\u00e9n te\u00a0apoyamos con la &#8230;<\/p>\n","protected":false},"author":1,"featured_media":0,"parent":0,"menu_order":0,"comment_status":"closed","ping_status":"closed","template":"","meta":[],"yst_prominent_words":[831,657,658,652,822,816,821,2260,328,818,823,810,653,651,830,832,817,807,254,819],"_links":{"self":[{"href":"https:\/\/www.constellationservices.com.mx\/en\/wp-json\/wp\/v2\/pages\/4131"}],"collection":[{"href":"https:\/\/www.constellationservices.com.mx\/en\/wp-json\/wp\/v2\/pages"}],"about":[{"href":"https:\/\/www.constellationservices.com.mx\/en\/wp-json\/wp\/v2\/types\/page"}],"author":[{"embeddable":true,"href":"https:\/\/www.constellationservices.com.mx\/en\/wp-json\/wp\/v2\/users\/1"}],"replies":[{"embeddable":true,"href":"https:\/\/www.constellationservices.com.mx\/en\/wp-json\/wp\/v2\/comments?post=4131"}],"version-history":[{"count":42,"href":"https:\/\/www.constellationservices.com.mx\/en\/wp-json\/wp\/v2\/pages\/4131\/revisions"}],"predecessor-version":[{"id":4177,"href":"https:\/\/www.constellationservices.com.mx\/en\/wp-json\/wp\/v2\/pages\/4131\/revisions\/4177"}],"wp:attachment":[{"href":"https:\/\/www.constellationservices.com.mx\/en\/wp-json\/wp\/v2\/media?parent=4131"}],"wp:term":[{"taxonomy":"yst_prominent_words","embeddable":true,"href":"https:\/\/www.constellationservices.com.mx\/en\/wp-json\/wp\/v2\/yst_prominent_words?post=4131"}],"curies":[{"name":"wp","href":"https:\/\/api.w.org\/{rel}","templated":true}]}}