{"id":4603,"date":"2019-06-04T11:41:56","date_gmt":"2019-06-04T16:41:56","guid":{"rendered":"http:\/\/www.constellationservices.com.mx\/grupos-actividades-integracion-acapulco-copy\/"},"modified":"2019-07-01T17:45:18","modified_gmt":"2019-07-01T22:45:18","slug":"entretenimiento-fiesta-tematica-acapulco","status":"publish","type":"page","link":"https:\/\/www.constellationservices.com.mx\/en\/entretenimiento-fiesta-tematica-acapulco\/","title":{"rendered":"Entretenimiento y Fiesta Tem\u00e1tica"},"content":{"rendered":"<p>[vc_row][vc_column][\/vc_column][\/vc_row][vc_row][vc_column][vc_single_image image=&#8221;4677&#8243; img_size=&#8221;large&#8221; alignment=&#8221;center&#8221; style=&#8221;vc_box_rounded&#8221;][vc_empty_space height=&#8221;50px&#8221;][\/vc_column][\/vc_row][vc_row][vc_column][vc_column_text]<\/p>\n<h1 style=\"text-align: center;\">Entretenimiento y Fiesta Tem\u00e1tica<\/h1>\n<p>&nbsp;<\/p>\n<h4 style=\"text-align: center;\">El principal objetivo de estas actividades es crear un ambiente relajado que permita al participante descubrir sus habilidades de manera individual y aplicarlas al trabajo en equipo, buscando siempre el bien del grupo.<\/h4>\n<p><img loading=\"lazy\" class=\"aligncenter size-full wp-image-3696\" src=\"http:\/\/www.constellationservices.com.mx\/wp-content\/uploads\/2018\/08\/integracion.png\" alt=\"actividades integraci\u00f3n para empresas\" width=\"100\" height=\"100\" \/>[\/vc_column_text][vc_empty_space height=&#8221;40px&#8221;][vc_column_text]<\/p>\n<h1 style=\"text-align: center;\">OPCIONES<\/h1>\n<p>[\/vc_column_text][vc_empty_space height=&#8221;40px&#8221;][vc_column_text]<\/p>\n<h4 style=\"text-align: center;\">Contamos con varias opciones para tu Grupo o Empresa pase un momento divertido y de integraci\u00f3n:<\/h4>\n<p>[\/vc_column_text][vc_empty_space height=&#8221;40px&#8221;][\/vc_column][\/vc_row][vc_row][vc_column width=&#8221;1\/3&#8243;][vc_single_image image=&#8221;3754&#8243; img_size=&#8221;400&#215;400&#8243; alignment=&#8221;center&#8221;][vc_empty_space height=&#8221;20px&#8221;][vc_column_text]<\/p>\n<div class=\"\">\n<div class=\"\">\n<div class=\"\">Juega nuestra divertida versi\u00f3n de este popular juego de preguntas y respuestas.<\/div>\n<\/div>\n<\/div>\n<p>[\/vc_column_text][vc_empty_space][\/vc_column][vc_column width=&#8221;1\/3&#8243;][vc_single_image image=&#8221;4646&#8243; img_size=&#8221;400&#215;400&#8243; alignment=&#8221;center&#8221;][vc_empty_space height=&#8221;20px&#8221;][vc_column_text]2 equipos se enfrentan y har\u00e1n <strong>Todo para Ganar<\/strong> en esta divertida din\u00e1mica competitiva.[\/vc_column_text][vc_empty_space][\/vc_column][vc_column width=&#8221;1\/3&#8243;][vc_single_image image=&#8221;4647&#8243; img_size=&#8221;400&#215;400&#8243; alignment=&#8221;center&#8221;][vc_empty_space height=&#8221;20px&#8221;][vc_column_text]<\/p>\n<div class=\"\">\n<div class=\"\">\n<div class=\"\">Disfruta de una noche de Karaoke donde lo \u00fanico que hace falta es tu voz y tus ganas de divertirte.<\/div>\n<\/div>\n<\/div>\n<p>[\/vc_column_text][vc_empty_space][\/vc_column][vc_column]<div class=\"nicdark_divider  center big \"><span style=\"background-color:#dcbd79;\" ><\/span><\/div>[vc_empty_space][\/vc_column][\/vc_row][vc_row][vc_column width=&#8221;1\/3&#8243;][vc_empty_space height=&#8221;20px&#8221;][vc_single_image image=&#8221;3757&#8243; img_size=&#8221;400&#215;400&#8243; alignment=&#8221;center&#8221;][vc_empty_space height=&#8221;20px&#8221;][vc_column_text]<\/p>\n<div class=\"\">\n<div class=\"\">\n<div>La coordinaci\u00f3n y comunicaci\u00f3n de los participantes es crucial en esta divertida actividad.<\/div>\n<\/div>\n<\/div>\n<p>[\/vc_column_text][vc_empty_space height=&#8221;20px&#8221;][\/vc_column][vc_column width=&#8221;1\/3&#8243;][vc_empty_space height=&#8221;20px&#8221;][vc_single_image image=&#8221;4681&#8243; img_size=&#8221;400&#215;400&#8243; alignment=&#8221;center&#8221;][vc_empty_space height=&#8221;20px&#8221;][vc_column_text]<\/p>\n<div class=\"\">\n<div class=\"\">\n<div class=\"\">\n<div class=\"\">\n<div class=\"\">\n<div class=\"\">Te deleitar\u00e1s con las temerarias maniobras de la Danza del Fuego Hawaiano.<\/div>\n<\/div>\n<\/div>\n<\/div>\n<\/div>\n<\/div>\n<p>[\/vc_column_text][vc_empty_space height=&#8221;20px&#8221;][\/vc_column][vc_column width=&#8221;1\/3&#8243;][vc_empty_space height=&#8221;20px&#8221;][vc_single_image image=&#8221;4649&#8243; img_size=&#8221;400&#215;400&#8243; alignment=&#8221;center&#8221;][vc_empty_space height=&#8221;20px&#8221;][vc_column_text]<\/p>\n<div class=\"\">\n<div class=\"\">\n<div class=\"\">Pasa un divertido d\u00eda de Feria Mexicana con nuestros tradicionales juegos y atracciones.<\/div>\n<\/div>\n<\/div>\n<p>[\/vc_column_text][vc_empty_space height=&#8221;20px&#8221;][\/vc_column][vc_column][vc_gallery interval=&#8221;15&#8243; images=&#8221;4663,4662,4660,4661,4666,4671,4672,4651,4652,4653,4654,4655,4656,4657,4658&#8243; img_size=&#8221;large&#8221;][\/vc_column][\/vc_row][vc_row][vc_column][vc_single_image image=&#8221;3588&#8243; img_size=&#8221;100&#215;100&#8243; alignment=&#8221;center&#8221;][vc_empty_space height=&#8221;60px&#8221;][vc_column_text]<\/p>\n<h1 style=\"text-align: center;\">CONOCE NUESTRA OFERTA<\/h1>\n<p>[\/vc_column_text][vc_empty_space][vc_column_text]<\/p>\n<h4 style=\"text-align: center;\">CON NUESTRAS ACTIVIDADES:<\/h4>\n<h4 style=\"text-align: center;\">*Estrechar\u00e1s <strong>lazos entre los participantes<\/strong> mediante divertidas din\u00e1micas y juegos<br \/>\n* Fortalecer\u00e1s la <strong>cultura de trabajo en equipo<\/strong><br \/>\n* Afianzar\u00e1s las <strong>habilidades personales<\/strong> para integrarlas por <strong>un objetivo en com\u00fan<\/strong>.<\/h4>\n<p>[\/vc_column_text][vc_empty_space][vc_tta_accordion color=&#8221;blue&#8221; active_section=&#8221;1&#8243;][vc_tta_section i_icon_fontawesome=&#8221;fa fa-anchor&#8221; title=&#8221;Actividades de Interior&#8221; tab_id=&#8221;1533568806939-a7559b23-9217&#8243; add_icon=&#8221;true&#8221;][vc_column_text]<strong>RALLY DE PREGUNTAS<\/strong><\/p>\n<p>Durante rondas distintas, 1 integrante de cada equipo tomar\u00e1 parte en el juego de preguntas. Estas preguntas ser\u00e1n de conocimientos generales o el cliente puede proporcionar preguntas de temas espec\u00edficos.<\/p>\n<p>En cada ronda se realizar\u00e1n preguntas a los participantes, cada uno tendr\u00e1 un bot\u00f3n \u00fanico que deber\u00e1 presionar cuando sepa la respuesta correcta. Cuando se presiona el bot\u00f3n, autom\u00e1ticamente se bloquea el bot\u00f3n de los dem\u00e1s jugadores.<\/p>\n<p>Por cada pregunta respondida correctamente el equipo recibir\u00e1 1 punto. Los jugadores que no logren presionar antes no perder\u00e1n puntos ni tampoco podr\u00e1n contestar la pregunta en caso de que quien presion\u00f3 primero no la sepa.<\/p>\n<p>&nbsp;<\/p>\n<p><strong>JUEGO DE JENGA GIGANTE<\/strong><\/p>\n<p>El Jenga lo jugamos con fichas gigantes. La din\u00e1mica consiste en colocar una nueva ficha arriba sin tirar la torre. El equipo que tira la torre pierde el juego.<\/p>\n<p>&nbsp;<\/p>\n<p><strong>JUEGO DE DOMIN\u00d3 GIGANTE<\/strong><\/p>\n<p>Cuatro equipos participar\u00e1n de manera simult\u00e1nea en un juego de domin\u00f3. Los integrantes del equipo deber\u00e1n analizar las piezas con las que cuentan y la forma de utilizarlas, as\u00ed como desarrollar la mejor estrategia para lograr la victoria.<\/p>\n<p>&nbsp;<\/p>\n<p><strong>JUEGO DE MEMORIA ELECTR\u00d3NICO<\/strong><\/p>\n<p>\u00bfQui\u00e9n de nosotros no recuerda con agrado el divertido juego de los a\u00f1os 80\u2019s llamado \u201cFABULOSO FRED\u201d?<\/p>\n<p>En esta din\u00e1mica juega un participante a la vez en una IPAD conectada a la TV. Cada equipo elegir\u00e1 3 jugadores, aquellos que se consideren los m\u00e1s aptos para un juego de memoria.<\/p>\n<p>Uno por uno, los 12 participantes pasar\u00e1n a una tablero donde contaremos con un iPad, conectada a una pantalla gigante de 60\u201d, a la vista de los dem\u00e1s participantes.<\/p>\n<p>Los jugadores deber\u00e1n repetir la secuencia de colores en el mismo orden en que el sistema los proporciona. Si se equivocan en un color, pierden y el store es el n\u00famero de aciertos consecutivos logrados.<\/p>\n<p>El equipo ganador ser\u00e1 aquel cuyo jugador obtenga la mayor cantidad de puntos (aciertos).[\/vc_column_text][\/vc_tta_section][vc_tta_section i_icon_fontawesome=&#8221;fa fa-clock-o&#8221; title=&#8221;Actividades de Exterior&#8221; tab_id=&#8221;1533568807023-3c5064b4-53ef&#8221; add_icon=&#8221;true&#8221;][vc_column_text]<strong>LUCHA DE GLADIADORES<\/strong><\/p>\n<p>En un colch\u00f3n inflable de 4&#215;4 m, luchar\u00e1n 1 vs 1 participantes de cada equipo y se llevar\u00e1 el conteo de las victorias. Ganar\u00e1 el equipo con m\u00e1s victorias.<\/p>\n<p>&nbsp;<\/p>\n<p><strong>JENGA GIGANTE<\/strong><\/p>\n<p>Con un juego de <strong>Jenga<\/strong> gigante, el juego consiste en colocar una nueva ficha arriba sin tirar la torre.<\/p>\n<p>&nbsp;<\/p>\n<p><strong>S\u00daPER CARRERA DE DESTREZA<\/strong><\/p>\n<p>En esta prueba se har\u00e1 un circuito en el que tendremos una carrera de costales, subir por una escaladora inflable de 4 m, 50 m de velocidad, pasar sin caer por una viga de equilibrio, traspasar una malla de 20 m (pecho tierra).<\/p>\n<p>&nbsp;<\/p>\n<p><strong>ATRAVESAR LA MURALLA<\/strong><\/p>\n<p>Los integrantes del equipo deber\u00e1n apoyarse para subir la pared de 3 m de altura: carg\u00e1ndose o jal\u00e1ndose hasta que todos est\u00e9n del otro lado del muro. Gana el primer equipo en llegar al otro lado.<\/p>\n<p>&nbsp;<\/p>\n<p><strong>JALAR LA CUERDA<\/strong><\/p>\n<p>En esta prueba de fuerza, ganar\u00e1 el equipo que pueda derrotar al otro en 2 de 3 oportunidades.<\/p>\n<p>&nbsp;<\/p>\n<p><strong>BASQUETBOL POR EQUIPOS<\/strong><\/p>\n<p>Los dos equipos tienen un minuto para anotar la mayor cantidad de veces en una canasta de basketbol doble. El marcador electr\u00f3nico contabiliza el resultado final.<\/p>\n<p>&nbsp;<\/p>\n<p><strong>AROS GIGANTES<\/strong><\/p>\n<p>La mitad de integrantes de cada equipo se colocar\u00e1n enfrente de sus compa\u00f1eros para que \u00e9stos lancen aros con la intenci\u00f3n de atinarle a sus compa\u00f1eros. Gana el equipo que atine a m\u00e1s compa\u00f1eros.<\/p>\n<p>&nbsp;<\/p>\n<p><strong>PRUEBA GRUPAL: CONFIANZA<\/strong><\/p>\n<p>Para esta prueba, uno a uno deber\u00e1n subir a un templete de 2 m de altura teniendo a los integrantes de ambos equipos en la parte de abajo. La persona deber\u00e1 lanzarse de espaldas hacia abajo, donde ser\u00e1 atrapara y protegida por el resto de los participantes.<\/p>\n<p>&nbsp;<\/p>\n<p><strong>LANZAMIENTO DE BALA<\/strong><\/p>\n<p>Cada integrante de equipo lanzar\u00e1 una bala de 4 kgs lo m\u00e1s lejos posible, ganar\u00e1 el equipo que haya tenido el lanzamiento individual m\u00e1s largo.<\/p>\n<p>&nbsp;<\/p>\n<p><strong>CARRERA DE SKIES<\/strong><\/p>\n<p>Equipos de 4 \u00f3 5 personas participar\u00e1n en una carrera donde deber\u00e1n coordinar sus movimientos para avanzar caminando todos encima de skies sujetados con cuerdas.<\/p>\n<p>&nbsp;<\/p>\n<p><strong>CARRERA DE KAYAKS<\/strong><\/p>\n<p>Realizaremos carreras entre equipos remando en la alberca a bordo de kayaks inflables.<\/p>\n<p>&nbsp;<\/p>\n<p><strong>ACARREO CIEGO DE PELOTAS<\/strong><\/p>\n<p>Los equipos se sientan alrededor de un contenedor de pelotas y el objetivo es pasar una por una las pelotas hasta el otro contenedor localizado al t\u00e9rmino de la fila. Esto debe hacerse con los ojos vendados, exigiendo la coordinaci\u00f3n de los participantes.<\/p>\n<p>&nbsp;<\/p>\n<p><strong>LANZAMIENTO DE GLOBOS<\/strong><\/p>\n<p>Esta divertida y refrescante prueba, ganar\u00e1 el equipo que consiga mantener los globos con agua a la mayor distancia posible.<\/p>\n<p>&nbsp;<\/p>\n<p><strong>TRANSPORTACI\u00d3N DE AGUA<\/strong><\/p>\n<p>En esta prueba, los equipos deber\u00e1n pasar el agua de un recipiente a otro hasta un vitrolero al final de la fila. El equipo que pase la mayor cantidad de agua en menos tiempo ser\u00e1 el ganador.<\/p>\n<p>&nbsp;<\/p>\n<p><strong>FUGA DE AGUA<\/strong><\/p>\n<p>Los equipos deber\u00e1n desplazar el agua utilizando un tubo con agujeros, los cuales deben ser tapados con los dedos por los integrantes del equipo para maximizar la cantidad de agua a transportar.<\/p>\n<p>&nbsp;<\/p>\n<p><strong>RALLY DE PREGUNTAS Y DESAF\u00cdOS<\/strong><\/p>\n<p>Los equipos pasar\u00e1n a diferentes estaciones donde deber\u00e1n responder preguntas de conocimiento general y realizar una actividad divertida para obtener puntos.[\/vc_column_text][\/vc_tta_section][vc_tta_section i_icon_fontawesome=&#8221;fa fa-whatsapp&#8221; title=&#8221;Contacto&#8221; tab_id=&#8221;1533570536974-a1af8b12-77fe&#8221; add_icon=&#8221;true&#8221;][vc_column_text]<\/p>\n<ul>\n<li><strong>Oficina:<\/strong><a href=\"tel:7444841988\">\u00a0(744) 484 1988<\/a> &amp;\u00a0<a href=\"tel:7444841996\">(744) 484 1996<\/a><\/li>\n<li><strong>WhatsApp:<\/strong> <a href=\"tel:7445001060\">(744) 500 1060<\/a><\/li>\n<li><strong>Mail:<\/strong> <a href=\"mailto:blanca@constellationservices.com.mx\">blanca@constellationservices.com.mx<\/a><\/li>\n<\/ul>\n<p>[\/vc_column_text][\/vc_tta_section][\/vc_tta_accordion][\/vc_column][\/vc_row][vc_row][vc_column][vc_empty_space height=&#8221;60px&#8221;][vc_column_text]<\/p>\n<h1 style=\"text-align: center;\">\u00a1RESERVA HOY TU LUGAR!<\/h1>\n<p style=\"text-align: center;\">\u00a1Cont\u00e1ctanos para ofrecerte la mejor opci\u00f3n de actividades para tu Grupo o Empresa!<\/p>\n<p>[\/vc_column_text][\/vc_column][\/vc_row][vc_row][vc_column][vc_empty_space height=&#8221;50px&#8221;][\/vc_column][\/vc_row][vc_row][vc_column width=&#8221;1\/2&#8243;][vc_empty_space height=&#8221;5px&#8221;][vc_single_image image=&#8221;3723&#8243; img_size=&#8221;medium&#8221; alignment=&#8221;center&#8221; css_animation=&#8221;left-to-right&#8221;][vc_empty_space][\/vc_column][vc_column width=&#8221;1\/2&#8243;][vc_empty_space height=&#8221;62px&#8221;][vc_btn title=&#8221;WhatsApp&#8221; color=&#8221;success&#8221; align=&#8221;center&#8221; i_icon_fontawesome=&#8221;fa fa-whatsapp&#8221; css_animation=&#8221;left-to-right&#8221; link=&#8221;url:https%3A%2F%2Fbit.ly%2FConstServ|title:Chatea%20con%20nosotros|&#8221; add_icon=&#8221;true&#8221; button_block=&#8221;true&#8221;][vc_empty_space][vc_btn title=&#8221;Ll\u00e1manos&#8221; align=&#8221;center&#8221; i_icon_fontawesome=&#8221;fa fa-mobile&#8221; css_animation=&#8221;left-to-right&#8221; link=&#8221;url:tel%3A7444841988|title:Contacto%20v%C3%ADa%20Telef%C3%B3nica|&#8221; add_icon=&#8221;true&#8221; button_block=&#8221;true&#8221;][vc_empty_space][vc_btn title=&#8221;Prefiero que me contacten&#8221; align=&#8221;center&#8221; i_icon_fontawesome=&#8221;fa fa-info-circle&#8221; css_animation=&#8221;left-to-right&#8221; link=&#8221;url:https%3A%2F%2Fgoo.gl%2Fforms%2FzplvIj9EqCkyCThy1||&#8221; add_icon=&#8221;true&#8221; button_block=&#8221;true&#8221;][\/vc_column][\/vc_row]<\/p>\n","protected":false},"excerpt":{"rendered":"<p>[vc_row][vc_column][\/vc_column][\/vc_row][vc_row][vc_column][vc_single_image image=&#8221;4677&#8243; img_size=&#8221;large&#8221; alignment=&#8221;center&#8221; style=&#8221;vc_box_rounded&#8221;][vc_empty_space height=&#8221;50px&#8221;][\/vc_column][\/vc_row][vc_row][vc_column][vc_column_text] Entretenimiento y Fiesta Tem\u00e1tica &nbsp; El principal objetivo de estas actividades es crear un ambiente relajado que permita al participante descubrir sus habilidades de manera individual y aplicarlas al trabajo en equipo, buscando siempre el bien del grupo. [\/vc_column_text][vc_empty_space height=&#8221;40px&#8221;][vc_column_text] OPCIONES [\/vc_column_text][vc_empty_space height=&#8221;40px&#8221;][vc_column_text] Contamos con varias opciones para tu &#8230;<\/p>\n","protected":false},"author":1,"featured_media":0,"parent":0,"menu_order":0,"comment_status":"closed","ping_status":"closed","template":"","meta":[],"yst_prominent_words":[1874,2931,1881,1884,1879,154,1880,1876,2916,1878,1883,1872,1925,1877,1871,2917,1882,1886,1885,1863],"_links":{"self":[{"href":"https:\/\/www.constellationservices.com.mx\/en\/wp-json\/wp\/v2\/pages\/4603"}],"collection":[{"href":"https:\/\/www.constellationservices.com.mx\/en\/wp-json\/wp\/v2\/pages"}],"about":[{"href":"https:\/\/www.constellationservices.com.mx\/en\/wp-json\/wp\/v2\/types\/page"}],"author":[{"embeddable":true,"href":"https:\/\/www.constellationservices.com.mx\/en\/wp-json\/wp\/v2\/users\/1"}],"replies":[{"embeddable":true,"href":"https:\/\/www.constellationservices.com.mx\/en\/wp-json\/wp\/v2\/comments?post=4603"}],"version-history":[{"count":15,"href":"https:\/\/www.constellationservices.com.mx\/en\/wp-json\/wp\/v2\/pages\/4603\/revisions"}],"predecessor-version":[{"id":4773,"href":"https:\/\/www.constellationservices.com.mx\/en\/wp-json\/wp\/v2\/pages\/4603\/revisions\/4773"}],"wp:attachment":[{"href":"https:\/\/www.constellationservices.com.mx\/en\/wp-json\/wp\/v2\/media?parent=4603"}],"wp:term":[{"taxonomy":"yst_prominent_words","embeddable":true,"href":"https:\/\/www.constellationservices.com.mx\/en\/wp-json\/wp\/v2\/yst_prominent_words?post=4603"}],"curies":[{"name":"wp","href":"https:\/\/api.w.org\/{rel}","templated":true}]}}